{"id":314,"date":"2026-02-20T12:01:06","date_gmt":"2026-02-20T12:01:06","guid":{"rendered":"https:\/\/eager-lavender-albatross.xn--frkwebbureau-6cb.dk\/?page_id=314"},"modified":"2026-04-07T12:28:35","modified_gmt":"2026-04-07T12:28:35","slug":"ammevejledning-2","status":"publish","type":"page","link":"https:\/\/eager-lavender-albatross.xn--frkwebbureau-6cb.dk\/index.php\/ammevejledning-2\/","title":{"rendered":"F\u00e5 professionel ammevejledning til en tryg start"},"content":{"rendered":"\n<div style=\"height:100px\" aria-hidden=\"true\" class=\"wp-block-spacer\"><\/div>\n\n\n\n<div class=\"wp-block-media-text has-media-on-the-right is-stacked-on-mobile is-image-fill-element service-row has-background\" style=\"background-color:#e5e1df;grid-template-columns:auto 36%\"><div class=\"wp-block-media-text__content\">\n<div style=\"height:50px\" aria-hidden=\"true\" class=\"wp-block-spacer\"><\/div>\n\n\n\n<h2 class=\"wp-block-heading\">Hj\u00e6lp til din ammerejse<\/h2>\n\n\n\n<p>Ammevejledning er en af de vigtigste investeringer i din f\u00f8rste tid som mor, hvis du oplever udfordringer med at give dit barn mad. Amning er en naturlig proces, men det er ogs\u00e5 en f\u00e6rdighed, der kr\u00e6ver \u00f8velse, t\u00e5lmodighed og ofte den rette vejledning for at lykkes uden smerter og frustration.<\/p>\n\n\n\n<div style=\"height:50px\" aria-hidden=\"true\" class=\"wp-block-spacer\"><\/div>\n<\/div><figure  class=\"wp-block-media-text__media\"><img loading=\"lazy\" decoding=\"async\" width=\"2560\" height=\"1280\" alt=\"\" src=\"https:\/\/eager-lavender-albatross.xn--frkwebbureau-6cb.dk\/wp-content\/uploads\/2026\/02\/Ammevejledning-scaled.png\" style=\"object-position:63% 31%;\" class=\"wp-image-189 size-full\" srcset=\"https:\/\/eager-lavender-albatross.xn--frkwebbureau-6cb.dk\/wp-content\/uploads\/2026\/02\/Ammevejledning-scaled.png 2560w, https:\/\/eager-lavender-albatross.xn--frkwebbureau-6cb.dk\/wp-content\/uploads\/2026\/02\/Ammevejledning-1280x640.png 1280w, https:\/\/eager-lavender-albatross.xn--frkwebbureau-6cb.dk\/wp-content\/uploads\/2026\/02\/Ammevejledning-980x490.png 980w, https:\/\/eager-lavender-albatross.xn--frkwebbureau-6cb.dk\/wp-content\/uploads\/2026\/02\/Ammevejledning-480x240.png 480w\" sizes=\"(min-width: 0px) and (max-width: 480px) 480px, (min-width: 481px) and (max-width: 980px) 980px, (min-width: 981px) and (max-width: 1280px) 1280px, (min-width: 1281px) 2560px, 100vw\" \/><\/figure><\/div>\n\n\n\n<div style=\"height:100px\" aria-hidden=\"true\" class=\"wp-block-spacer\"><\/div>\n\n\n\n<div class=\"wp-block-columns is-layout-flex wp-container-core-columns-is-layout-9d6595d7 wp-block-columns-is-layout-flex\">\n<div class=\"wp-block-column is-layout-flow wp-block-column-is-layout-flow\">\n<h2 class=\"wp-block-heading\">Professionel ammevejledning i trygge rammer<\/h2>\n\n\n\n<p>N\u00e5r du v\u00e6lger ammevejledning hos mig, foreg\u00e5r det altid som et hjemmebes\u00f8g i Randers og omegn. Ved at modtage hj\u00e6lp i dine vante omgivelser, sikrer vi, at du kan finde roen i din egen sofa eller seng, hvilket er essentielt for at f\u00e5 m\u00e6lken til at l\u00f8be og baby til at slappe af.<\/p>\n\n\n\n<p>Jeg kan st\u00f8tte dig med alt inden for ammevejledning, herunder:<\/p>\n\n\n\n<ul class=\"wp-block-list\">\n<li><strong>Korrekt sutteteknik:<\/strong> Slip for s\u00e5r og smerter ved brystet.<\/li>\n\n\n\n<li><strong>Optimale ammestillinger:<\/strong> Find hvile, mens du giver mad.<\/li>\n\n\n\n<li><strong>Regulering af m\u00e6lkeproduktion:<\/strong> Hj\u00e6lp til b\u00e5de for lidt og for meget m\u00e6lk.<\/li>\n\n\n\n<li><strong>Mental ro:<\/strong> Genfind troen p\u00e5 din krops evne til at amme.<\/li>\n<\/ul>\n<\/div>\n\n\n\n<div class=\"wp-block-column is-layout-flow wp-block-column-is-layout-flow\">\n<h2 class=\"wp-block-heading\">Book din ammevejledning i dag<\/h2>\n\n\n\n<p>Mange ammeudfordringer kan l\u00f8ses hurtigt med den rette st\u00f8tte. Min ammevejledning er skr\u00e6ddersyet til jeres behov, s\u00e5 du ikke skal sidde alene med usikkerheden.<\/p>\n\n\n\n<p>Er du klar til at f\u00e5 ro p\u00e5 jeres m\u00e5ltider? Du er altid velkommen til at booke en uforpligtende samtale eller bestille tid til ammevejledning direkte via min online booking.<\/p>\n<\/div>\n<\/div>\n","protected":false},"excerpt":{"rendered":"<p>F\u00e5 professionel ammevejledning hjemme i vante rammer. Jeg hj\u00e6lper dig med alt fra s\u00e5r og smerter til ammeteknik og ro omkring m\u00e5ltidet. Oplev en k\u00e6rlig og erfaren st\u00f8tte, s\u00e5 du og din baby f\u00e5r den bedste start sammen.<\/p>\n","protected":false},"author":1,"featured_media":189,"parent":0,"menu_order":0,"comment_status":"closed","ping_status":"closed","template":"","meta":{"footnotes":""},"categories":[24],"tags":[12,11,14,13,7,9,10,8],"class_list":["post-314","page","type-page","status-publish","has-post-thumbnail","hentry","category-ammevejledning","tag-afspaending","tag-foedestillinger","tag-foedselsforberedelse","tag-gratis-forsamtale","tag-hjemmefoedsel","tag-hospitalsfoedsel","tag-mental-forberedelse","tag-tryg-foedsel"],"aioseo_notices":[],"dsm_author":{"name":"admin","avatar_url":"https:\/\/secure.gravatar.com\/avatar\/340f7df8e2795f11513cb1d9e886b8aea73201abf8c72a46d6f6fc6d02b8d5c4?s=96&d=mm&r=g","archive_link":"https:\/\/eager-lavender-albatross.xn--frkwebbureau-6cb.dk\/index.php\/author\/faerkwebbureau\/","biodata":""},"dsm_categories":[],"dsm_attachment_categories":[],"dsm_featured_image":{"thumbnail":"https:\/\/eager-lavender-albatross.xn--frkwebbureau-6cb.dk\/wp-content\/uploads\/2026\/02\/Ammevejledning-150x150.png","medium":"https:\/\/eager-lavender-albatross.xn--frkwebbureau-6cb.dk\/wp-content\/uploads\/2026\/02\/Ammevejledning-300x150.png","medium_large":"https:\/\/eager-lavender-albatross.xn--frkwebbureau-6cb.dk\/wp-content\/uploads\/2026\/02\/Ammevejledning-768x384.png","large":"https:\/\/eager-lavender-albatross.xn--frkwebbureau-6cb.dk\/wp-content\/uploads\/2026\/02\/Ammevejledning-1024x512.png","1536x1536":"https:\/\/eager-lavender-albatross.xn--frkwebbureau-6cb.dk\/wp-content\/uploads\/2026\/02\/Ammevejledning-1536x768.png","2048x2048":"https:\/\/eager-lavender-albatross.xn--frkwebbureau-6cb.dk\/wp-content\/uploads\/2026\/02\/Ammevejledning-2048x1024.png","et-pb-post-main-image":"https:\/\/eager-lavender-albatross.xn--frkwebbureau-6cb.dk\/wp-content\/uploads\/2026\/02\/Ammevejledning-400x250.png","et-pb-post-main-image-fullwidth":"https:\/\/eager-lavender-albatross.xn--frkwebbureau-6cb.dk\/wp-content\/uploads\/2026\/02\/Ammevejledning-1080x675.png","et-pb-portfolio-image":"https:\/\/eager-lavender-albatross.xn--frkwebbureau-6cb.dk\/wp-content\/uploads\/2026\/02\/Ammevejledning-400x284.png","et-pb-portfolio-module-image":"https:\/\/eager-lavender-albatross.xn--frkwebbureau-6cb.dk\/wp-content\/uploads\/2026\/02\/Ammevejledning-510x382.png","et-pb-portfolio-image-single":"https:\/\/eager-lavender-albatross.xn--frkwebbureau-6cb.dk\/wp-content\/uploads\/2026\/02\/Ammevejledning-1080x540.png","et-pb-gallery-module-image-portrait":"https:\/\/eager-lavender-albatross.xn--frkwebbureau-6cb.dk\/wp-content\/uploads\/2026\/02\/Ammevejledning-400x516.png","et-pb-post-main-image-fullwidth-large":"https:\/\/eager-lavender-albatross.xn--frkwebbureau-6cb.dk\/wp-content\/uploads\/2026\/02\/Ammevejledning-2880x1800.png","et-pb-image--responsive--desktop":"https:\/\/eager-lavender-albatross.xn--frkwebbureau-6cb.dk\/wp-content\/uploads\/2026\/02\/Ammevejledning-1280x640.png","et-pb-image--responsive--tablet":"https:\/\/eager-lavender-albatross.xn--frkwebbureau-6cb.dk\/wp-content\/uploads\/2026\/02\/Ammevejledning-980x490.png","et-pb-image--responsive--phone":"https:\/\/eager-lavender-albatross.xn--frkwebbureau-6cb.dk\/wp-content\/uploads\/2026\/02\/Ammevejledning-480x240.png","full":"https:\/\/eager-lavender-albatross.xn--frkwebbureau-6cb.dk\/wp-content\/uploads\/2026\/02\/Ammevejledning-scaled.png"},"_links":{"self":[{"href":"https:\/\/eager-lavender-albatross.xn--frkwebbureau-6cb.dk\/index.php\/wp-json\/wp\/v2\/pages\/314","targetHints":{"allow":["GET"]}}],"collection":[{"href":"https:\/\/eager-lavender-albatross.xn--frkwebbureau-6cb.dk\/index.php\/wp-json\/wp\/v2\/pages"}],"about":[{"href":"https:\/\/eager-lavender-albatross.xn--frkwebbureau-6cb.dk\/index.php\/wp-json\/wp\/v2\/types\/page"}],"author":[{"embeddable":true,"href":"https:\/\/eager-lavender-albatross.xn--frkwebbureau-6cb.dk\/index.php\/wp-json\/wp\/v2\/users\/1"}],"replies":[{"embeddable":true,"href":"https:\/\/eager-lavender-albatross.xn--frkwebbureau-6cb.dk\/index.php\/wp-json\/wp\/v2\/comments?post=314"}],"version-history":[{"count":7,"href":"https:\/\/eager-lavender-albatross.xn--frkwebbureau-6cb.dk\/index.php\/wp-json\/wp\/v2\/pages\/314\/revisions"}],"predecessor-version":[{"id":221245,"href":"https:\/\/eager-lavender-albatross.xn--frkwebbureau-6cb.dk\/index.php\/wp-json\/wp\/v2\/pages\/314\/revisions\/221245"}],"wp:featuredmedia":[{"embeddable":true,"href":"https:\/\/eager-lavender-albatross.xn--frkwebbureau-6cb.dk\/index.php\/wp-json\/wp\/v2\/media\/189"}],"wp:attachment":[{"href":"https:\/\/eager-lavender-albatross.xn--frkwebbureau-6cb.dk\/index.php\/wp-json\/wp\/v2\/media?parent=314"}],"wp:term":[{"taxonomy":"category","embeddable":true,"href":"https:\/\/eager-lavender-albatross.xn--frkwebbureau-6cb.dk\/index.php\/wp-json\/wp\/v2\/categories?post=314"},{"taxonomy":"post_tag","embeddable":true,"href":"https:\/\/eager-lavender-albatross.xn--frkwebbureau-6cb.dk\/index.php\/wp-json\/wp\/v2\/tags?post=314"}],"curies":[{"name":"wp","href":"https:\/\/api.w.org\/{rel}","templated":true}]}}