{"id":317,"date":"2026-02-20T12:05:56","date_gmt":"2026-02-20T12:05:56","guid":{"rendered":"https:\/\/eager-lavender-albatross.xn--frkwebbureau-6cb.dk\/?page_id=317"},"modified":"2026-04-07T12:47:55","modified_gmt":"2026-04-07T12:47:55","slug":"gravidmassage","status":"publish","type":"page","link":"https:\/\/eager-lavender-albatross.xn--frkwebbureau-6cb.dk\/index.php\/gravidmassage\/","title":{"rendered":"Oplev velv\u00e6re og smertelindring med gravidmassage"},"content":{"rendered":"\n<div style=\"height:50px\" aria-hidden=\"true\" class=\"wp-block-spacer\"><\/div>\n\n\n\n<div class=\"wp-block-group is-nowrap is-layout-flex wp-container-core-group-is-layout-ad2f72ca wp-block-group-is-layout-flex\">\n<div style=\"height:100px;width:100px\" aria-hidden=\"true\" class=\"wp-block-spacer wp-container-content-29dca9c1\"><\/div>\n\n\n\n<div class=\"wp-block-media-text has-media-on-the-right is-stacked-on-mobile is-image-fill-element service-row has-background\" style=\"background-color:#e5e1df;grid-template-columns:auto 36%\"><div class=\"wp-block-media-text__content\">\n<div style=\"height:50px\" aria-hidden=\"true\" class=\"wp-block-spacer\"><\/div>\n\n\n\n<h2 class=\"wp-block-heading\">Find ro og fysisk lindring under din graviditet med gravidmassage<\/h2>\n\n\n\n<p>Gravidmassage er en fantastisk m\u00e5de at give dig selv og din voksende krop den omsorg, som en graviditet kr\u00e6ver. N\u00e5r kroppen forandrer sig, opst\u00e5r der ofte sp\u00e6ndinger i l\u00e6nd, ryg og skuldre, ligesom mange oplever tr\u00e6thed og v\u00e6skeophobninger i benene. En professionel behandling kan hj\u00e6lpe dig med at finde fornyet energi og velv\u00e6re.<\/p>\n\n\n\n<div style=\"height:50px\" aria-hidden=\"true\" class=\"wp-block-spacer\"><\/div>\n<\/div><figure  class=\"wp-block-media-text__media\"><img loading=\"lazy\" decoding=\"async\" width=\"2560\" height=\"1280\" alt=\"\" src=\"https:\/\/eager-lavender-albatross.xn--frkwebbureau-6cb.dk\/wp-content\/uploads\/2026\/02\/7-scaled.png\" style=\"object-position:63% 31%;\" class=\"wp-image-132 size-full\" srcset=\"https:\/\/eager-lavender-albatross.xn--frkwebbureau-6cb.dk\/wp-content\/uploads\/2026\/02\/7-scaled.png 2560w, https:\/\/eager-lavender-albatross.xn--frkwebbureau-6cb.dk\/wp-content\/uploads\/2026\/02\/7-1280x640.png 1280w, https:\/\/eager-lavender-albatross.xn--frkwebbureau-6cb.dk\/wp-content\/uploads\/2026\/02\/7-980x490.png 980w, https:\/\/eager-lavender-albatross.xn--frkwebbureau-6cb.dk\/wp-content\/uploads\/2026\/02\/7-480x240.png 480w\" sizes=\"(min-width: 0px) and (max-width: 480px) 480px, (min-width: 481px) and (max-width: 980px) 980px, (min-width: 981px) and (max-width: 1280px) 1280px, (min-width: 1281px) 2560px, 100vw\" \/><\/figure><\/div>\n\n\n\n<div style=\"height:100px;width:0px\" aria-hidden=\"true\" class=\"wp-block-spacer wp-container-content-29dca9c1\"><\/div>\n<\/div>\n\n\n\n<div style=\"height:100px\" aria-hidden=\"true\" class=\"wp-block-spacer\"><\/div>\n\n\n\n<div class=\"wp-block-columns is-layout-flex wp-container-core-columns-is-layout-9d6595d7 wp-block-columns-is-layout-flex\">\n<div class=\"wp-block-column is-layout-flow wp-block-column-is-layout-flow\">\n<h2 class=\"wp-block-heading\">En lindrende gravidmassage i dit eget hjem<\/h2>\n\n\n\n<p>Jeg tilbyder gravidmassage som hjemmebes\u00f8g i kommunerne Randers, Favrskov og Mariagerfjord. Fordelen ved at f\u00e5 massagen hjemme er, at du kan blive liggende og hvile bagefter uden at skulle stresse ud i trafikken. Det forl\u00e6nger effekten af behandlingen og sikrer, at dit nervesystem falder helt til ro.<\/p>\n\n\n\n<p>Behandlingen tilpasses altid dine specifikke behov og fokuserer p\u00e5:<br><\/p>\n\n\n\n<ul class=\"wp-block-list\">\n<li>Lindring af b\u00e6kkenrelaterede gener og sp\u00e6ndingshovedpine.<\/li>\n\n\n\n<li>Afsp\u00e6nding af ryg, l\u00e6nd og b\u00e6kkenomr\u00e5det.<\/li>\n\n\n\n<li>Reduktion af v\u00e6ske i f\u00f8dder og ankler.<\/li>\n\n\n\n<li>Bedre s\u00f8vnkvalitet gennem dyb mental afsp\u00e6nding.<\/li>\n<\/ul>\n<\/div>\n\n\n\n<div class=\"wp-block-column is-layout-flow wp-block-column-is-layout-flow\">\n<h2 class=\"wp-block-heading\">Book din gravidmassage og skab plads til selvomsorg<\/h2>\n\n\n\n<p>Uanset om du er i starten af din graviditet eller t\u00e6t p\u00e5 termin, kan gravidmassage g\u00f8re en m\u00e6rkbar forskel for din trivsel. Jeg medbringer alt udstyr, herunder en behagelig briks med plads til den voksende mave, s\u00e5 du kan ligge helt afslappet under hele sessionen.<\/p>\n\n\n\n<p>Er du klar til at give din krop en velfortjent pause? Du kan nemt booke din n\u00e6ste gravidmassage online eller starte med en gratis forsamtale, hvis du har sp\u00f8rgsm\u00e5l til, hvordan massagen kan hj\u00e6lpe netop dig.<\/p>\n<\/div>\n<\/div>\n","protected":false},"excerpt":{"rendered":"<p>Slip for sp\u00e6ndinger, l\u00e6ndesmerter og tunge ben med en rolig og professionel behandling i trygge rammer i dit eget hjem. Book en tid i dag og oplev fornyet ro og velv\u00e6re under din graviditet<\/p>\n","protected":false},"author":1,"featured_media":132,"parent":0,"menu_order":0,"comment_status":"closed","ping_status":"closed","template":"","meta":{"footnotes":""},"categories":[31],"tags":[12,11,14,13,7,9,10,8],"class_list":["post-317","page","type-page","status-publish","has-post-thumbnail","hentry","category-gravidmassage","tag-afspaending","tag-foedestillinger","tag-foedselsforberedelse","tag-gratis-forsamtale","tag-hjemmefoedsel","tag-hospitalsfoedsel","tag-mental-forberedelse","tag-tryg-foedsel"],"aioseo_notices":[],"dsm_author":{"name":"admin","avatar_url":"https:\/\/secure.gravatar.com\/avatar\/340f7df8e2795f11513cb1d9e886b8aea73201abf8c72a46d6f6fc6d02b8d5c4?s=96&d=mm&r=g","archive_link":"https:\/\/eager-lavender-albatross.xn--frkwebbureau-6cb.dk\/index.php\/author\/faerkwebbureau\/","biodata":""},"dsm_categories":[],"dsm_attachment_categories":[],"dsm_featured_image":{"thumbnail":"https:\/\/eager-lavender-albatross.xn--frkwebbureau-6cb.dk\/wp-content\/uploads\/2026\/02\/7-150x150.png","medium":"https:\/\/eager-lavender-albatross.xn--frkwebbureau-6cb.dk\/wp-content\/uploads\/2026\/02\/7-300x150.png","medium_large":"https:\/\/eager-lavender-albatross.xn--frkwebbureau-6cb.dk\/wp-content\/uploads\/2026\/02\/7-768x384.png","large":"https:\/\/eager-lavender-albatross.xn--frkwebbureau-6cb.dk\/wp-content\/uploads\/2026\/02\/7-1024x512.png","1536x1536":"https:\/\/eager-lavender-albatross.xn--frkwebbureau-6cb.dk\/wp-content\/uploads\/2026\/02\/7-1536x768.png","2048x2048":"https:\/\/eager-lavender-albatross.xn--frkwebbureau-6cb.dk\/wp-content\/uploads\/2026\/02\/7-2048x1024.png","et-pb-post-main-image":"https:\/\/eager-lavender-albatross.xn--frkwebbureau-6cb.dk\/wp-content\/uploads\/2026\/02\/7-400x250.png","et-pb-post-main-image-fullwidth":"https:\/\/eager-lavender-albatross.xn--frkwebbureau-6cb.dk\/wp-content\/uploads\/2026\/02\/7-1080x675.png","et-pb-portfolio-image":"https:\/\/eager-lavender-albatross.xn--frkwebbureau-6cb.dk\/wp-content\/uploads\/2026\/02\/7-400x284.png","et-pb-portfolio-module-image":"https:\/\/eager-lavender-albatross.xn--frkwebbureau-6cb.dk\/wp-content\/uploads\/2026\/02\/7-510x382.png","et-pb-portfolio-image-single":"https:\/\/eager-lavender-albatross.xn--frkwebbureau-6cb.dk\/wp-content\/uploads\/2026\/02\/7-1080x540.png","et-pb-gallery-module-image-portrait":"https:\/\/eager-lavender-albatross.xn--frkwebbureau-6cb.dk\/wp-content\/uploads\/2026\/02\/7-400x516.png","et-pb-post-main-image-fullwidth-large":"https:\/\/eager-lavender-albatross.xn--frkwebbureau-6cb.dk\/wp-content\/uploads\/2026\/02\/7-2880x1800.png","et-pb-image--responsive--desktop":"https:\/\/eager-lavender-albatross.xn--frkwebbureau-6cb.dk\/wp-content\/uploads\/2026\/02\/7-1280x640.png","et-pb-image--responsive--tablet":"https:\/\/eager-lavender-albatross.xn--frkwebbureau-6cb.dk\/wp-content\/uploads\/2026\/02\/7-980x490.png","et-pb-image--responsive--phone":"https:\/\/eager-lavender-albatross.xn--frkwebbureau-6cb.dk\/wp-content\/uploads\/2026\/02\/7-480x240.png","full":"https:\/\/eager-lavender-albatross.xn--frkwebbureau-6cb.dk\/wp-content\/uploads\/2026\/02\/7-scaled.png"},"_links":{"self":[{"href":"https:\/\/eager-lavender-albatross.xn--frkwebbureau-6cb.dk\/index.php\/wp-json\/wp\/v2\/pages\/317","targetHints":{"allow":["GET"]}}],"collection":[{"href":"https:\/\/eager-lavender-albatross.xn--frkwebbureau-6cb.dk\/index.php\/wp-json\/wp\/v2\/pages"}],"about":[{"href":"https:\/\/eager-lavender-albatross.xn--frkwebbureau-6cb.dk\/index.php\/wp-json\/wp\/v2\/types\/page"}],"author":[{"embeddable":true,"href":"https:\/\/eager-lavender-albatross.xn--frkwebbureau-6cb.dk\/index.php\/wp-json\/wp\/v2\/users\/1"}],"replies":[{"embeddable":true,"href":"https:\/\/eager-lavender-albatross.xn--frkwebbureau-6cb.dk\/index.php\/wp-json\/wp\/v2\/comments?post=317"}],"version-history":[{"count":10,"href":"https:\/\/eager-lavender-albatross.xn--frkwebbureau-6cb.dk\/index.php\/wp-json\/wp\/v2\/pages\/317\/revisions"}],"predecessor-version":[{"id":221264,"href":"https:\/\/eager-lavender-albatross.xn--frkwebbureau-6cb.dk\/index.php\/wp-json\/wp\/v2\/pages\/317\/revisions\/221264"}],"wp:featuredmedia":[{"embeddable":true,"href":"https:\/\/eager-lavender-albatross.xn--frkwebbureau-6cb.dk\/index.php\/wp-json\/wp\/v2\/media\/132"}],"wp:attachment":[{"href":"https:\/\/eager-lavender-albatross.xn--frkwebbureau-6cb.dk\/index.php\/wp-json\/wp\/v2\/media?parent=317"}],"wp:term":[{"taxonomy":"category","embeddable":true,"href":"https:\/\/eager-lavender-albatross.xn--frkwebbureau-6cb.dk\/index.php\/wp-json\/wp\/v2\/categories?post=317"},{"taxonomy":"post_tag","embeddable":true,"href":"https:\/\/eager-lavender-albatross.xn--frkwebbureau-6cb.dk\/index.php\/wp-json\/wp\/v2\/tags?post=317"}],"curies":[{"name":"wp","href":"https:\/\/api.w.org\/{rel}","templated":true}]}}